{"id":709,"date":"2017-08-06T04:57:12","date_gmt":"2017-08-06T04:57:12","guid":{"rendered":"http:\/\/www.transbagal.com\/new\/?page_id=709"},"modified":"2023-11-14T11:13:56","modified_gmt":"2023-11-14T11:13:56","slug":"rutas-de-transporte","status":"publish","type":"page","link":"https:\/\/www.transbagal.com\/es\/rutas-de-transporte\/","title":{"rendered":"Rutas de transporte"},"content":{"rendered":"<div class=\"fusion-fullwidth fullwidth-box fusion-builder-row-1 nonhundred-percent-fullwidth non-hundred-percent-height-scrolling\" style=\"background-color: rgba(255,255,255,0);background-position: left center;background-repeat: no-repeat;padding-top:130px;padding-right:0px;padding-bottom:120px;padding-left:0px;margin-bottom: 0px;margin-top: 0px;border-width: 0px 0px 0px 0px;border-color:#eae9e9;border-style:solid;\" ><div class=\"fusion-builder-row fusion-row\"><div class=\"fusion-layout-column fusion_builder_column fusion-builder-column-0 fusion_builder_column_1_4 1_4 fusion-one-fourth fusion-column-first\" style=\"width:22%; margin-right: 4%;margin-top:0px;margin-bottom:20px;\"><div class=\"fusion-column-wrapper fusion-flex-column-wrapper-legacy\" style=\"background-position:left top;background-repeat:no-repeat;-webkit-background-size:cover;-moz-background-size:cover;-o-background-size:cover;background-size:cover;padding: 0px 0px 0px 0px;\"><span class=\" fusion-imageframe imageframe-none imageframe-1 hover-type-none\"><img decoding=\"async\" width=\"2664\" height=\"2577\" title=\"logo-transbagal-01\" src=\"https:\/\/www.transbagal.com\/es\/wp-content\/uploads\/2023\/11\/logo-transbagal-01.png\" alt class=\"img-responsive wp-image-1283\" srcset=\"https:\/\/www.transbagal.com\/es\/wp-content\/uploads\/2023\/11\/logo-transbagal-01-200x193.png 200w, https:\/\/www.transbagal.com\/es\/wp-content\/uploads\/2023\/11\/logo-transbagal-01-400x387.png 400w, https:\/\/www.transbagal.com\/es\/wp-content\/uploads\/2023\/11\/logo-transbagal-01-600x580.png 600w, https:\/\/www.transbagal.com\/es\/wp-content\/uploads\/2023\/11\/logo-transbagal-01-800x774.png 800w, https:\/\/www.transbagal.com\/es\/wp-content\/uploads\/2023\/11\/logo-transbagal-01-1200x1161.png 1200w, https:\/\/www.transbagal.com\/es\/wp-content\/uploads\/2023\/11\/logo-transbagal-01.png 2664w\" sizes=\"(max-width: 800px) 100vw, 400px\" \/><\/span><div class=\"fusion-clearfix\"><\/div><\/div><\/div><div class=\"fusion-layout-column fusion_builder_column fusion-builder-column-1 fusion_builder_column_3_4 3_4 fusion-three-fourth fusion-column-last\" style=\"width:74%;margin-top:0px;margin-bottom:20px;\"><div class=\"fusion-column-wrapper fusion-flex-column-wrapper-legacy\" style=\"background-position:left top;background-repeat:no-repeat;-webkit-background-size:cover;-moz-background-size:cover;-o-background-size:cover;background-size:cover;padding: 0px 0px 0px 0px;\"><style type=\"text\/css\"><\/style><div class=\"fusion-title title fusion-title-1 fusion-sep-none fusion-title-text fusion-title-size-two\" style=\"font-size:24px;margin-top:0px;margin-right:0px;margin-bottom:30px;margin-left:0px;\"><h2 class=\"title-heading-left fusion-responsive-typography-calculated\" style=\"margin:0;font-size:1em;--fontSize:24;line-height:1.25;\"><h3 style=\"text-align: right;\"><span style=\"color: #333;\">Operamos desde 1970&#8230; M\u00e1s 50 a\u00f1os de experiencia.<\/span><\/h3><\/h2><\/div><div class=\"fusion-text fusion-text-1\" style=\"font-size:16px;\"><p style=\"text-align: right;\"><span style=\"color: #333;\">Nuestro centro de operaciones se mantiene en Galicia desde los inicios, <strong>transportamos en Espa\u00f1a y Europa<\/strong>.<\/span><\/p>\n<p style=\"text-align: right;\"><span style=\"color: #333;\">Somos capaces de ofrecer un <strong>servicio exclusivo y personalizado<\/strong> a medida de nuestros clientes.<\/span><\/p>\n<p style=\"text-align: right;\"><span style=\"color: #333;\">De base tenemos las siguientes rutas, pero no dude en <a href=\"https:\/\/www.transbagal.com\/es\/contactar-con-agencia\/\">consultarnos<\/a> si tiene una necesidad especifica.<\/span><\/p>\n<\/div><div class=\"fusion-clearfix\"><\/div><\/div><\/div><div class=\"fusion-layout-column fusion_builder_column fusion-builder-column-2 fusion_builder_column_1_1 1_1 fusion-one-full fusion-column-first fusion-column-last\" style=\"margin-top:0px;margin-bottom:20px;\"><div class=\"fusion-column-wrapper fusion-flex-column-wrapper-legacy\" style=\"background-position:left top;background-repeat:no-repeat;-webkit-background-size:cover;-moz-background-size:cover;-o-background-size:cover;background-size:cover;padding: 0px 0px 0px 0px;\"><div class=\"fusion-clearfix\"><\/div><\/div><\/div><\/div><\/div>\n","protected":false},"excerpt":{"rendered":"","protected":false},"author":1,"featured_media":0,"parent":0,"menu_order":0,"comment_status":"closed","ping_status":"closed","template":"100-width.php","meta":{"_monsterinsights_skip_tracking":false,"_monsterinsights_sitenote_active":false,"_monsterinsights_sitenote_note":"","_monsterinsights_sitenote_category":0,"footnotes":""},"class_list":["post-709","page","type-page","status-publish","hentry"],"yoast_head":"<!-- This site is optimized with the Yoast SEO plugin v27.5 - https:\/\/yoast.com\/product\/yoast-seo-wordpress\/ -->\n<title>Rutas de transporte de graneles s\u00f3lidos en Espa\u00f1a - Transbagal<\/title>\n<meta name=\"description\" content=\"Especializados en rutas de transporte de graneles s\u00f3lidos en Espa\u00f1a. Operamos desde 1970\u2026 son ya casi 50 a\u00f1os de experiencia. Nuestro centro de operaciones se mantiene en Galicia desde los inicios, llegando a Espa\u00f1a y Europa. Somos capaces de ofrecer un servicio exclusivo y personalizado a medida de nuestros clientes.\" \/>\n<meta name=\"robots\" content=\"index, follow, max-snippet:-1, max-image-preview:large, max-video-preview:-1\" \/>\n<link rel=\"canonical\" href=\"https:\/\/www.transbagal.com\/es\/rutas-de-transporte\/\" \/>\n<meta property=\"og:locale\" content=\"es_ES\" \/>\n<meta property=\"og:type\" content=\"article\" \/>\n<meta property=\"og:title\" content=\"Rutas de transporte de graneles s\u00f3lidos en Espa\u00f1a - Transbagal\" \/>\n<meta property=\"og:description\" content=\"Especializados en rutas de transporte de graneles s\u00f3lidos en Espa\u00f1a. Operamos desde 1970\u2026 son ya casi 50 a\u00f1os de experiencia. Nuestro centro de operaciones se mantiene en Galicia desde los inicios, llegando a Espa\u00f1a y Europa. Somos capaces de ofrecer un servicio exclusivo y personalizado a medida de nuestros clientes.\" \/>\n<meta property=\"og:url\" content=\"https:\/\/www.transbagal.com\/es\/rutas-de-transporte\/\" \/>\n<meta property=\"og:site_name\" content=\"Transbagal\" \/>\n<meta property=\"article:modified_time\" content=\"2023-11-14T11:13:56+00:00\" \/>\n<meta name=\"twitter:card\" content=\"summary_large_image\" \/>\n<meta name=\"twitter:label1\" content=\"Tiempo de lectura\" \/>\n\t<meta name=\"twitter:data1\" content=\"3 minutos\" \/>\n<script type=\"application\/ld+json\" class=\"yoast-schema-graph\">{\"@context\":\"https:\\\/\\\/schema.org\",\"@graph\":[{\"@type\":\"WebPage\",\"@id\":\"https:\\\/\\\/www.transbagal.com\\\/es\\\/rutas-de-transporte\\\/\",\"url\":\"https:\\\/\\\/www.transbagal.com\\\/es\\\/rutas-de-transporte\\\/\",\"name\":\"Rutas de transporte de graneles s\u00f3lidos en Espa\u00f1a - Transbagal\",\"isPartOf\":{\"@id\":\"https:\\\/\\\/www.transbagal.com\\\/es\\\/#website\"},\"datePublished\":\"2017-08-06T04:57:12+00:00\",\"dateModified\":\"2023-11-14T11:13:56+00:00\",\"description\":\"Especializados en rutas de transporte de graneles s\u00f3lidos en Espa\u00f1a. Operamos desde 1970\u2026 son ya casi 50 a\u00f1os de experiencia. Nuestro centro de operaciones se mantiene en Galicia desde los inicios, llegando a Espa\u00f1a y Europa. Somos capaces de ofrecer un servicio exclusivo y personalizado a medida de nuestros clientes.\",\"breadcrumb\":{\"@id\":\"https:\\\/\\\/www.transbagal.com\\\/es\\\/rutas-de-transporte\\\/#breadcrumb\"},\"inLanguage\":\"es\",\"potentialAction\":[{\"@type\":\"ReadAction\",\"target\":[\"https:\\\/\\\/www.transbagal.com\\\/es\\\/rutas-de-transporte\\\/\"]}]},{\"@type\":\"BreadcrumbList\",\"@id\":\"https:\\\/\\\/www.transbagal.com\\\/es\\\/rutas-de-transporte\\\/#breadcrumb\",\"itemListElement\":[{\"@type\":\"ListItem\",\"position\":1,\"name\":\"Portada\",\"item\":\"https:\\\/\\\/www.transbagal.com\\\/es\\\/\"},{\"@type\":\"ListItem\",\"position\":2,\"name\":\"Rutas de transporte\"}]},{\"@type\":\"WebSite\",\"@id\":\"https:\\\/\\\/www.transbagal.com\\\/es\\\/#website\",\"url\":\"https:\\\/\\\/www.transbagal.com\\\/es\\\/\",\"name\":\"Transbagal\",\"description\":\"Empresa especializada en el transporte de graneles s\u00f3lidos a nivel nacional e internacional\",\"potentialAction\":[{\"@type\":\"SearchAction\",\"target\":{\"@type\":\"EntryPoint\",\"urlTemplate\":\"https:\\\/\\\/www.transbagal.com\\\/es\\\/?s={search_term_string}\"},\"query-input\":{\"@type\":\"PropertyValueSpecification\",\"valueRequired\":true,\"valueName\":\"search_term_string\"}}],\"inLanguage\":\"es\"}]}<\/script>\n<!-- \/ Yoast SEO plugin. -->","yoast_head_json":{"title":"Rutas de transporte de graneles s\u00f3lidos en Espa\u00f1a - Transbagal","description":"Especializados en rutas de transporte de graneles s\u00f3lidos en Espa\u00f1a. Operamos desde 1970\u2026 son ya casi 50 a\u00f1os de experiencia. Nuestro centro de operaciones se mantiene en Galicia desde los inicios, llegando a Espa\u00f1a y Europa. Somos capaces de ofrecer un servicio exclusivo y personalizado a medida de nuestros clientes.","robots":{"index":"index","follow":"follow","max-snippet":"max-snippet:-1","max-image-preview":"max-image-preview:large","max-video-preview":"max-video-preview:-1"},"canonical":"https:\/\/www.transbagal.com\/es\/rutas-de-transporte\/","og_locale":"es_ES","og_type":"article","og_title":"Rutas de transporte de graneles s\u00f3lidos en Espa\u00f1a - Transbagal","og_description":"Especializados en rutas de transporte de graneles s\u00f3lidos en Espa\u00f1a. Operamos desde 1970\u2026 son ya casi 50 a\u00f1os de experiencia. Nuestro centro de operaciones se mantiene en Galicia desde los inicios, llegando a Espa\u00f1a y Europa. Somos capaces de ofrecer un servicio exclusivo y personalizado a medida de nuestros clientes.","og_url":"https:\/\/www.transbagal.com\/es\/rutas-de-transporte\/","og_site_name":"Transbagal","article_modified_time":"2023-11-14T11:13:56+00:00","twitter_card":"summary_large_image","twitter_misc":{"Tiempo de lectura":"3 minutos"},"schema":{"@context":"https:\/\/schema.org","@graph":[{"@type":"WebPage","@id":"https:\/\/www.transbagal.com\/es\/rutas-de-transporte\/","url":"https:\/\/www.transbagal.com\/es\/rutas-de-transporte\/","name":"Rutas de transporte de graneles s\u00f3lidos en Espa\u00f1a - Transbagal","isPartOf":{"@id":"https:\/\/www.transbagal.com\/es\/#website"},"datePublished":"2017-08-06T04:57:12+00:00","dateModified":"2023-11-14T11:13:56+00:00","description":"Especializados en rutas de transporte de graneles s\u00f3lidos en Espa\u00f1a. Operamos desde 1970\u2026 son ya casi 50 a\u00f1os de experiencia. Nuestro centro de operaciones se mantiene en Galicia desde los inicios, llegando a Espa\u00f1a y Europa. Somos capaces de ofrecer un servicio exclusivo y personalizado a medida de nuestros clientes.","breadcrumb":{"@id":"https:\/\/www.transbagal.com\/es\/rutas-de-transporte\/#breadcrumb"},"inLanguage":"es","potentialAction":[{"@type":"ReadAction","target":["https:\/\/www.transbagal.com\/es\/rutas-de-transporte\/"]}]},{"@type":"BreadcrumbList","@id":"https:\/\/www.transbagal.com\/es\/rutas-de-transporte\/#breadcrumb","itemListElement":[{"@type":"ListItem","position":1,"name":"Portada","item":"https:\/\/www.transbagal.com\/es\/"},{"@type":"ListItem","position":2,"name":"Rutas de transporte"}]},{"@type":"WebSite","@id":"https:\/\/www.transbagal.com\/es\/#website","url":"https:\/\/www.transbagal.com\/es\/","name":"Transbagal","description":"Empresa especializada en el transporte de graneles s\u00f3lidos a nivel nacional e internacional","potentialAction":[{"@type":"SearchAction","target":{"@type":"EntryPoint","urlTemplate":"https:\/\/www.transbagal.com\/es\/?s={search_term_string}"},"query-input":{"@type":"PropertyValueSpecification","valueRequired":true,"valueName":"search_term_string"}}],"inLanguage":"es"}]}},"_links":{"self":[{"href":"https:\/\/www.transbagal.com\/es\/wp-json\/wp\/v2\/pages\/709","targetHints":{"allow":["GET"]}}],"collection":[{"href":"https:\/\/www.transbagal.com\/es\/wp-json\/wp\/v2\/pages"}],"about":[{"href":"https:\/\/www.transbagal.com\/es\/wp-json\/wp\/v2\/types\/page"}],"author":[{"embeddable":true,"href":"https:\/\/www.transbagal.com\/es\/wp-json\/wp\/v2\/users\/1"}],"replies":[{"embeddable":true,"href":"https:\/\/www.transbagal.com\/es\/wp-json\/wp\/v2\/comments?post=709"}],"version-history":[{"count":54,"href":"https:\/\/www.transbagal.com\/es\/wp-json\/wp\/v2\/pages\/709\/revisions"}],"predecessor-version":[{"id":1285,"href":"https:\/\/www.transbagal.com\/es\/wp-json\/wp\/v2\/pages\/709\/revisions\/1285"}],"wp:attachment":[{"href":"https:\/\/www.transbagal.com\/es\/wp-json\/wp\/v2\/media?parent=709"}],"curies":[{"name":"wp","href":"https:\/\/api.w.org\/{rel}","templated":true}]}}