{"id":7,"date":"2017-08-06T19:21:05","date_gmt":"2017-08-06T19:21:05","guid":{"rendered":"http:\/\/avada.theme-fusion.com_demos\/architecture\/?page_id=7"},"modified":"2024-01-17T15:20:12","modified_gmt":"2024-01-17T15:20:12","slug":"empresa-especializada-transporte-graneles-solidos-nivel-nacional-e-internacional","status":"publish","type":"page","link":"https:\/\/www.transbagal.com\/es\/","title":{"rendered":"Empresa especializada en el transporte de graneles s\u00f3lidos a nivel nacional e internacional"},"content":{"rendered":"<p><div class=\"fusion-fullwidth fullwidth-box fusion-builder-row-1 nonhundred-percent-fullwidth non-hundred-percent-height-scrolling\" style=\"background-color: #25272c;background-position: center center;background-repeat: no-repeat;padding-top:40px;padding-right:0px;padding-bottom:40px;padding-left:0px;margin-bottom: 0px;margin-top: 0px;border-width: 0px 0px 0px 0px;border-color:transparent;border-style:solid;\" ><div class=\"fusion-builder-row fusion-row\"><div class=\"fusion-layout-column fusion_builder_column fusion-builder-column-0 fusion_builder_column_1_1 1_1 fusion-one-full fusion-column-first fusion-column-last fusion-column-no-min-height\" style=\"margin-top:0px;margin-bottom:0px;\"><div class=\"fusion-column-wrapper fusion-flex-column-wrapper-legacy\" style=\"background-position:left top;background-repeat:no-repeat;-webkit-background-size:cover;-moz-background-size:cover;-o-background-size:cover;background-size:cover;padding: 0px 0px 0px 0px;\"><div class=\"fusion-aligncenter\"><style>.fusion-button.button-1{border-color:#25272c;border-radius:2px 2px 2px 2px;background:#25272c;}.fusion-button.button-1 .fusion-button-text,.fusion-button.button-1 i,.fusion-button.button-1:hover .fusion-button-text,.fusion-button.button-1:hover i,.fusion-button.button-1:focus .fusion-button-text,.fusion-button.button-1:focus i,.fusion-button.button-1:active .fusion-button-text,.fusion-button.button-1:active i{color:#ffffff;}.fusion-button.button-1:hover,.fusion-button.button-1:active,.fusion-button.button-1:focus{border-color:#25272c;background:#25272c;}<\/style><a class=\"fusion-button button-flat fusion-button-default-size button-custom button-1 fusion-button-default-span fusion-button-default-type\" target=\"_self\" href=\"https:\/\/www.transbagal.com\/es\/agencia-de-transporte-transbagal\/\"><span class=\"fusion-button-text\">\u00bfQui\u00e9nes somos?<\/span><\/a><\/div><div class=\"fusion-clearfix\"><\/div><\/div><\/div><\/div><\/div><div class=\"fusion-bg-parallax\" data-bg-align=\"center center\" data-direction=\"right\" data-mute=\"false\" data-opacity=\"100\" data-velocity=\"-1\" data-mobile-enabled=\"false\" data-break_parents=\"0\" data-bg-image=\"https:\/\/www.transbagal.com\/es\/wp-content\/uploads\/2018\/01\/transbagal-que-hacemos.jpg\" data-bg-repeat=\"false\" ><\/div><div class=\"fusion-fullwidth fullwidth-box fusion-builder-row-2 fusion-parallax-right nonhundred-percent-fullwidth non-hundred-percent-height-scrolling fusion-no-small-visibility\" style=\"background-color: rgba(255,255,255,0);background-image: url(&quot;https:\/\/www.transbagal.com\/es\/wp-content\/uploads\/2018\/01\/transbagal-que-hacemos.jpg&quot;);background-position: center center;background-repeat: no-repeat;padding-top:110px;padding-right:0px;padding-bottom:110px;padding-left:0px;margin-bottom: 0px;margin-top: 0px;border-width: 0px 0px 0px 0px;border-color:transparent;border-style:solid;-webkit-background-size:cover;-moz-background-size:cover;-o-background-size:cover;background-size:cover;\" ><div class=\"fusion-builder-row fusion-row\"><div class=\"fusion-layout-column fusion_builder_column fusion-builder-column-1 fusion_builder_column_1_1 1_1 fusion-one-full fusion-column-first fusion-column-last fusion-column-no-min-height\" style=\"margin-top:0px;margin-bottom:0px;\"><div class=\"fusion-column-wrapper fusion-flex-column-wrapper-legacy\" style=\"background-position:left top;background-repeat:no-repeat;-webkit-background-size:cover;-moz-background-size:cover;-o-background-size:cover;background-size:cover;padding: 0px 0px 0px 0px;\"><div class=\"fusion-menu-anchor\" id=\"MASINFO\"><\/div><div class=\"fusion-sep-clear\"><\/div><div class=\"fusion-separator fusion-full-width-sep\" style=\"margin-left: auto;margin-right: auto;margin-top:500px;width:100%;\"><\/div><div class=\"fusion-sep-clear\"><\/div><div class=\"fusion-clearfix\"><\/div><\/div><\/div><\/div><\/div><div class=\"fusion-fullwidth fullwidth-box fusion-builder-row-3 fusion-parallax-fixed nonhundred-percent-fullwidth non-hundred-percent-height-scrolling fusion-no-medium-visibility fusion-no-large-visibility\" style=\"background-color: rgba(255,255,255,0);background-image: url(&quot;https:\/\/www.transbagal.com\/es\/wp-content\/uploads\/2023\/11\/transbagal-entrada.jpg&quot;);background-position: center center;background-repeat: no-repeat;padding-top:110px;padding-right:0px;padding-bottom:110px;padding-left:0px;margin-bottom: 0px;margin-top: 0px;border-width: 0px 0px 0px 0px;border-color:transparent;border-style:solid;-webkit-background-size:cover;-moz-background-size:cover;-o-background-size:cover;background-size:cover;background-attachment:fixed;\" ><div class=\"fusion-builder-row fusion-row\"><div class=\"fusion-layout-column fusion_builder_column fusion-builder-column-2 fusion_builder_column_1_1 1_1 fusion-one-full fusion-column-first fusion-column-last fusion-column-no-min-height\" style=\"margin-top:0px;margin-bottom:0px;\"><div class=\"fusion-column-wrapper fusion-flex-column-wrapper-legacy\" style=\"background-position:left top;background-repeat:no-repeat;-webkit-background-size:cover;-moz-background-size:cover;-o-background-size:cover;background-size:cover;padding: 0px 0px 0px 0px;\"><div class=\"fusion-sep-clear\"><\/div><div class=\"fusion-separator fusion-full-width-sep\" style=\"margin-left: auto;margin-right: auto;margin-top:500px;width:100%;\"><\/div><div class=\"fusion-sep-clear\"><\/div><div class=\"fusion-clearfix\"><\/div><\/div><\/div><\/div><\/div><div class=\"fusion-fullwidth fullwidth-box fusion-builder-row-4 nonhundred-percent-fullwidth non-hundred-percent-height-scrolling\" style=\"background-color: #25272c;background-position: center center;background-repeat: no-repeat;padding-top:40px;padding-right:0px;padding-bottom:40px;padding-left:0px;margin-bottom: 0px;margin-top: 0px;border-width: 0px 0px 0px 0px;border-color:transparent;border-style:solid;\" ><div class=\"fusion-builder-row fusion-row\"><div class=\"fusion-layout-column fusion_builder_column fusion-builder-column-3 fusion_builder_column_1_1 1_1 fusion-one-full fusion-column-first fusion-column-last fusion-column-no-min-height\" style=\"margin-top:0px;margin-bottom:0px;\"><div class=\"fusion-column-wrapper fusion-flex-column-wrapper-legacy\" style=\"background-position:left top;background-repeat:no-repeat;-webkit-background-size:cover;-moz-background-size:cover;-o-background-size:cover;background-size:cover;padding: 0px 0px 0px 0px;\"><div class=\"fusion-aligncenter\"><style>.fusion-button.button-2{border-color:#25272c;border-radius:2px 2px 2px 2px;background:#25272c;}.fusion-button.button-2 .fusion-button-text,.fusion-button.button-2 i,.fusion-button.button-2:hover .fusion-button-text,.fusion-button.button-2:hover i,.fusion-button.button-2:focus .fusion-button-text,.fusion-button.button-2:focus i,.fusion-button.button-2:active .fusion-button-text,.fusion-button.button-2:active i{color:#ffffff;}.fusion-button.button-2:hover,.fusion-button.button-2:active,.fusion-button.button-2:focus{border-color:#25272c;background:#25272c;}<\/style><a class=\"fusion-button button-flat fusion-button-default-size button-custom button-2 fusion-button-default-span fusion-button-default-type\" target=\"_self\" href=\"https:\/\/www.transbagal.com\/es\/servicios-de-transporte\/\"><span class=\"fusion-button-text\">\u00bfQu\u00e9 hacemos?<\/span><\/a><\/div><div class=\"fusion-clearfix\"><\/div><\/div><\/div><\/div><\/div><div class=\"fusion-fullwidth fullwidth-box fusion-builder-row-5 nonhundred-percent-fullwidth non-hundred-percent-height-scrolling\" style=\"background-color: rgba(255,255,255,0);background-position: left top;background-repeat: no-repeat;padding-top:100px;padding-right:0px;padding-bottom:0px;padding-left:0px;margin-bottom: 0px;margin-top: 0px;border-width: 0px 0px 0px 0px;border-color:#eae9e9;border-style:solid;\" ><div class=\"fusion-builder-row fusion-row\"><div class=\"fusion-layout-column fusion_builder_column fusion-builder-column-4 fusion_builder_column_1_3 1_3 fusion-one-third fusion-column-first\" style=\"width:30.6666%; margin-right: 4%;margin-top:0px;margin-bottom:40px;\"><div class=\"fusion-column-wrapper fusion-flex-column-wrapper-legacy\" style=\"background-position:left top;background-repeat:no-repeat;-webkit-background-size:cover;-moz-background-size:cover;-o-background-size:cover;background-size:cover;padding: 0px 0px 0px 0px;\"><div class=\"fusion-text fusion-text-1\"><h1>Empresa especializada en el transporte de graneles s\u00f3lidos a nivel nacional e internacional<\/h1>\n<\/div><div class=\"fusion-text fusion-text-2\"><h2>Carga general y graneles s\u00f3lidos a nivel nacional e internacional<\/h2>\n<\/div><div class=\"fusion-clearfix\"><\/div><\/div><\/div><div class=\"fusion-layout-column fusion_builder_column fusion-builder-column-5 fusion_builder_column_1_3 1_3 fusion-one-third\" style=\"width:30.6666%; margin-right: 4%;margin-top:0px;margin-bottom:0px;\"><div class=\"fusion-column-wrapper fusion-flex-column-wrapper-legacy\" style=\"background-position:left top;background-repeat:no-repeat;-webkit-background-size:cover;-moz-background-size:cover;-o-background-size:cover;background-size:cover;padding: 0px 0px 0px 0px;\"><div class=\"fusion-text fusion-text-3\"><h3>Un poco de historia<\/h3>\n<\/div><div class=\"fusion-text fusion-text-4\"><p><strong>Todo empez\u00f3 en los 70<\/strong>, en aquellos a\u00f1os, se forj\u00f3 lo que hoy en d\u00eda es Transbagal.<\/p>\n<p>La primera generaci\u00f3n, a trav\u00e9s de su esfuerzo diario, nos inculc\u00f3 educaci\u00f3n y valores los cuales transmitimos, en el d\u00eda a d\u00eda, en el desarrollo de la empresa y que,\u00a0con el paso del tiempo, nos ha convertido en una de las principales empresas\u00a0especializadas en el <strong>transporte de graneles s\u00f3lidos a nivel nacional e internacional<\/strong>.<\/p>\n<\/div><div class=\"fusion-clearfix\"><\/div><\/div><\/div><div class=\"fusion-layout-column fusion_builder_column fusion-builder-column-6 fusion_builder_column_1_3 1_3 fusion-one-third fusion-column-last\" style=\"width:30.6666%;margin-top:0px;margin-bottom:20px;\"><div class=\"fusion-column-wrapper fusion-flex-column-wrapper-legacy\" style=\"background-position:left top;background-repeat:no-repeat;-webkit-background-size:cover;-moz-background-size:cover;-o-background-size:cover;background-size:cover;padding: 0px 0px 0px 0px;\"><div class=\"fusion-sep-clear\"><\/div><div class=\"fusion-separator fusion-no-small-visibility fusion-full-width-sep\" style=\"margin-left: auto;margin-right: auto;margin-top:63px;width:100%;\"><\/div><div class=\"fusion-sep-clear\"><\/div><div class=\"fusion-text fusion-text-5\"><p>Ofrecemos\u00a0<strong>servicios de primer nivel<\/strong>,\u00a0contando con un gran equipo de <strong>profesionales que garantizan<\/strong> la satisfacci\u00f3n de los env\u00edos con la <strong>m\u00e1xima seguridad y eficacia<\/strong>.<\/p>\n<p>Bas\u00e1ndonos en la satisfacci\u00f3n de nuestros clientes, proporcionamos un <strong>servicio personalizado<\/strong>, y nos integramos en sus proyectos, para adaptarnos a sus \u00a0necesidades y ofrecer flexibilidad en el d\u00eda a d\u00eda. <a href=\"https:\/\/www.transbagal.com\/es\/agencia-de-transporte-transbagal\/\">Seguir leyendo<\/a>.<\/p>\n<\/div><div class=\"fusion-clearfix\"><\/div><\/div><\/div><\/div><\/div><div class=\"fusion-fullwidth fullwidth-box fusion-builder-row-6 nonhundred-percent-fullwidth non-hundred-percent-height-scrolling\" style=\"background-color: #f5f5f5;background-position: left top;background-repeat: no-repeat;padding-top:0px;padding-right:0px;padding-bottom:0px;padding-left:0px;margin-bottom: 0px;margin-top: 0px;border-width: 0px 0px 0px 0px;border-color:#eae9e9;border-style:solid;\" ><div class=\"fusion-builder-row fusion-row\"><div class=\"fusion-layout-column fusion_builder_column fusion-builder-column-7 fusion_builder_column_1_1 1_1 fusion-one-full fusion-column-first fusion-column-last\" style=\"margin-top:0px;margin-bottom:0px;\"><div class=\"fusion-column-wrapper fusion-flex-column-wrapper-legacy\" style=\"background-position:left top;background-repeat:no-repeat;-webkit-background-size:cover;-moz-background-size:cover;-o-background-size:cover;background-size:cover;padding: 30px 0px 30px 0px;\"><div class=\"fusion-text fusion-text-6\"><blockquote>\n<h3 style=\"text-align: center;\"><em>Gracias a todos los que nos hab\u00e9is acompa\u00f1ado en el camino y gracias a todos los que os vais a subir a esta aventura.<\/em><\/h3>\n<h3 style=\"text-align: center;\"><em>Celso y Antonio, gracias por darnos la oportunidad de continuar lo que empezasteis.<\/em><\/h3>\n<\/blockquote>\n<\/div><div class=\"fusion-clearfix\"><\/div><\/div><\/div><\/div><\/div><\/p>\n","protected":false},"excerpt":{"rendered":"","protected":false},"author":1,"featured_media":0,"parent":0,"menu_order":0,"comment_status":"closed","ping_status":"closed","template":"100-width.php","meta":{"_monsterinsights_skip_tracking":false,"_monsterinsights_sitenote_active":false,"_monsterinsights_sitenote_note":"","_monsterinsights_sitenote_category":0,"footnotes":""},"class_list":["post-7","page","type-page","status-publish","hentry"],"yoast_head":"<!-- This site is optimized with the Yoast SEO plugin v27.4 - https:\/\/yoast.com\/product\/yoast-seo-wordpress\/ -->\n<title>Empresa especializada en el transporte de graneles s\u00f3lidos - Transbagal<\/title>\n<meta name=\"description\" content=\"Somos una empresa de transporte de graneles s\u00f3lidos. Realizamos env\u00edos en Espa\u00f1a y Europa. Ofrecemos\u00a0servicios de primer nivel con la m\u00e1xima seguridad y eficacia, proporcionando servicios personalizados e integr\u00e1ndonos con nuestros clientes, adapt\u00e1ndonos a las necesidades de nuestros clientes.\" \/>\n<meta name=\"robots\" content=\"index, follow, max-snippet:-1, max-image-preview:large, max-video-preview:-1\" \/>\n<link rel=\"canonical\" href=\"https:\/\/www.transbagal.com\/es\/\" \/>\n<meta property=\"og:locale\" content=\"es_ES\" \/>\n<meta property=\"og:type\" content=\"article\" \/>\n<meta property=\"og:title\" content=\"Empresa especializada en el transporte de graneles s\u00f3lidos - Transbagal\" \/>\n<meta property=\"og:description\" content=\"Somos una empresa de transporte de graneles s\u00f3lidos. Realizamos env\u00edos en Espa\u00f1a y Europa. Ofrecemos\u00a0servicios de primer nivel con la m\u00e1xima seguridad y eficacia, proporcionando servicios personalizados e integr\u00e1ndonos con nuestros clientes, adapt\u00e1ndonos a las necesidades de nuestros clientes.\" \/>\n<meta property=\"og:url\" content=\"https:\/\/www.transbagal.com\/es\/\" \/>\n<meta property=\"og:site_name\" content=\"Transbagal\" \/>\n<meta property=\"article:modified_time\" content=\"2024-01-17T15:20:12+00:00\" \/>\n<meta name=\"twitter:card\" content=\"summary_large_image\" \/>\n<meta name=\"twitter:label1\" content=\"Tiempo de lectura\" \/>\n\t<meta name=\"twitter:data1\" content=\"6 minutos\" \/>\n<script type=\"application\/ld+json\" class=\"yoast-schema-graph\">{\"@context\":\"https:\\\/\\\/schema.org\",\"@graph\":[{\"@type\":\"WebPage\",\"@id\":\"https:\\\/\\\/www.transbagal.com\\\/es\\\/\",\"url\":\"https:\\\/\\\/www.transbagal.com\\\/es\\\/\",\"name\":\"Empresa especializada en el transporte de graneles s\u00f3lidos - Transbagal\",\"isPartOf\":{\"@id\":\"https:\\\/\\\/www.transbagal.com\\\/es\\\/#website\"},\"datePublished\":\"2017-08-06T19:21:05+00:00\",\"dateModified\":\"2024-01-17T15:20:12+00:00\",\"description\":\"Somos una empresa de transporte de graneles s\u00f3lidos. Realizamos env\u00edos en Espa\u00f1a y Europa. Ofrecemos\u00a0servicios de primer nivel con la m\u00e1xima seguridad y eficacia, proporcionando servicios personalizados e integr\u00e1ndonos con nuestros clientes, adapt\u00e1ndonos a las necesidades de nuestros clientes.\",\"breadcrumb\":{\"@id\":\"https:\\\/\\\/www.transbagal.com\\\/es\\\/#breadcrumb\"},\"inLanguage\":\"es\",\"potentialAction\":[{\"@type\":\"ReadAction\",\"target\":[\"https:\\\/\\\/www.transbagal.com\\\/es\\\/\"]}]},{\"@type\":\"BreadcrumbList\",\"@id\":\"https:\\\/\\\/www.transbagal.com\\\/es\\\/#breadcrumb\",\"itemListElement\":[{\"@type\":\"ListItem\",\"position\":1,\"name\":\"Portada\",\"item\":\"https:\\\/\\\/www.transbagal.com\\\/es\\\/\"},{\"@type\":\"ListItem\",\"position\":2,\"name\":\"Empresa especializada en el transporte de graneles s\u00f3lidos a nivel nacional e internacional\"}]},{\"@type\":\"WebSite\",\"@id\":\"https:\\\/\\\/www.transbagal.com\\\/es\\\/#website\",\"url\":\"https:\\\/\\\/www.transbagal.com\\\/es\\\/\",\"name\":\"Transbagal\",\"description\":\"Empresa especializada en el transporte de graneles s\u00f3lidos a nivel nacional e internacional\",\"potentialAction\":[{\"@type\":\"SearchAction\",\"target\":{\"@type\":\"EntryPoint\",\"urlTemplate\":\"https:\\\/\\\/www.transbagal.com\\\/es\\\/?s={search_term_string}\"},\"query-input\":{\"@type\":\"PropertyValueSpecification\",\"valueRequired\":true,\"valueName\":\"search_term_string\"}}],\"inLanguage\":\"es\"}]}<\/script>\n<!-- \/ Yoast SEO plugin. -->","yoast_head_json":{"title":"Empresa especializada en el transporte de graneles s\u00f3lidos - Transbagal","description":"Somos una empresa de transporte de graneles s\u00f3lidos. Realizamos env\u00edos en Espa\u00f1a y Europa. Ofrecemos\u00a0servicios de primer nivel con la m\u00e1xima seguridad y eficacia, proporcionando servicios personalizados e integr\u00e1ndonos con nuestros clientes, adapt\u00e1ndonos a las necesidades de nuestros clientes.","robots":{"index":"index","follow":"follow","max-snippet":"max-snippet:-1","max-image-preview":"max-image-preview:large","max-video-preview":"max-video-preview:-1"},"canonical":"https:\/\/www.transbagal.com\/es\/","og_locale":"es_ES","og_type":"article","og_title":"Empresa especializada en el transporte de graneles s\u00f3lidos - Transbagal","og_description":"Somos una empresa de transporte de graneles s\u00f3lidos. Realizamos env\u00edos en Espa\u00f1a y Europa. Ofrecemos\u00a0servicios de primer nivel con la m\u00e1xima seguridad y eficacia, proporcionando servicios personalizados e integr\u00e1ndonos con nuestros clientes, adapt\u00e1ndonos a las necesidades de nuestros clientes.","og_url":"https:\/\/www.transbagal.com\/es\/","og_site_name":"Transbagal","article_modified_time":"2024-01-17T15:20:12+00:00","twitter_card":"summary_large_image","twitter_misc":{"Tiempo de lectura":"6 minutos"},"schema":{"@context":"https:\/\/schema.org","@graph":[{"@type":"WebPage","@id":"https:\/\/www.transbagal.com\/es\/","url":"https:\/\/www.transbagal.com\/es\/","name":"Empresa especializada en el transporte de graneles s\u00f3lidos - Transbagal","isPartOf":{"@id":"https:\/\/www.transbagal.com\/es\/#website"},"datePublished":"2017-08-06T19:21:05+00:00","dateModified":"2024-01-17T15:20:12+00:00","description":"Somos una empresa de transporte de graneles s\u00f3lidos. Realizamos env\u00edos en Espa\u00f1a y Europa. Ofrecemos\u00a0servicios de primer nivel con la m\u00e1xima seguridad y eficacia, proporcionando servicios personalizados e integr\u00e1ndonos con nuestros clientes, adapt\u00e1ndonos a las necesidades de nuestros clientes.","breadcrumb":{"@id":"https:\/\/www.transbagal.com\/es\/#breadcrumb"},"inLanguage":"es","potentialAction":[{"@type":"ReadAction","target":["https:\/\/www.transbagal.com\/es\/"]}]},{"@type":"BreadcrumbList","@id":"https:\/\/www.transbagal.com\/es\/#breadcrumb","itemListElement":[{"@type":"ListItem","position":1,"name":"Portada","item":"https:\/\/www.transbagal.com\/es\/"},{"@type":"ListItem","position":2,"name":"Empresa especializada en el transporte de graneles s\u00f3lidos a nivel nacional e internacional"}]},{"@type":"WebSite","@id":"https:\/\/www.transbagal.com\/es\/#website","url":"https:\/\/www.transbagal.com\/es\/","name":"Transbagal","description":"Empresa especializada en el transporte de graneles s\u00f3lidos a nivel nacional e internacional","potentialAction":[{"@type":"SearchAction","target":{"@type":"EntryPoint","urlTemplate":"https:\/\/www.transbagal.com\/es\/?s={search_term_string}"},"query-input":{"@type":"PropertyValueSpecification","valueRequired":true,"valueName":"search_term_string"}}],"inLanguage":"es"}]}},"_links":{"self":[{"href":"https:\/\/www.transbagal.com\/es\/wp-json\/wp\/v2\/pages\/7","targetHints":{"allow":["GET"]}}],"collection":[{"href":"https:\/\/www.transbagal.com\/es\/wp-json\/wp\/v2\/pages"}],"about":[{"href":"https:\/\/www.transbagal.com\/es\/wp-json\/wp\/v2\/types\/page"}],"author":[{"embeddable":true,"href":"https:\/\/www.transbagal.com\/es\/wp-json\/wp\/v2\/users\/1"}],"replies":[{"embeddable":true,"href":"https:\/\/www.transbagal.com\/es\/wp-json\/wp\/v2\/comments?post=7"}],"version-history":[{"count":76,"href":"https:\/\/www.transbagal.com\/es\/wp-json\/wp\/v2\/pages\/7\/revisions"}],"predecessor-version":[{"id":1323,"href":"https:\/\/www.transbagal.com\/es\/wp-json\/wp\/v2\/pages\/7\/revisions\/1323"}],"wp:attachment":[{"href":"https:\/\/www.transbagal.com\/es\/wp-json\/wp\/v2\/media?parent=7"}],"curies":[{"name":"wp","href":"https:\/\/api.w.org\/{rel}","templated":true}]}}