{"id":15,"date":"2017-08-06T19:22:07","date_gmt":"2017-08-06T19:22:07","guid":{"rendered":"http:\/\/avada.theme-fusion.com_demos\/architecture\/?page_id=15"},"modified":"2021-09-01T06:57:35","modified_gmt":"2021-09-01T06:57:35","slug":"contactar-con-agencia","status":"publish","type":"page","link":"https:\/\/www.transbagal.com\/es\/contactar-con-agencia\/","title":{"rendered":"Contactar con agencia de transporte"},"content":{"rendered":"<div class=\"fusion-fullwidth fullwidth-box fusion-builder-row-1 fusion-parallax-none nonhundred-percent-fullwidth non-hundred-percent-height-scrolling\" style=\"background-color: rgba(255,255,255,0);background-image: url(&quot;https:\/\/www.transbagal.com\/es\/wp-content\/uploads\/2018\/01\/trama.png&quot;);background-position: center bottom;background-repeat: no-repeat;padding-top:50px;padding-right:0px;padding-bottom:50px;padding-left:0px;margin-bottom: 0px;margin-top: 0px;border-width: 0px 0px 0px 0px;border-color:#eae9e9;border-style:solid;-webkit-background-size:cover;-moz-background-size:cover;-o-background-size:cover;background-size:cover;\" ><div class=\"fusion-builder-row fusion-row\"><div class=\"fusion-layout-column fusion_builder_column fusion-builder-column-0 fusion_builder_column_1_2 1_2 fusion-one-half fusion-column-first fusion-column-no-min-height\" style=\"width:48%; margin-right: 4%;margin-top:0px;margin-bottom:0px;\"><div class=\"fusion-column-wrapper fusion-flex-column-wrapper-legacy\" style=\"background-position:left top;background-repeat:no-repeat;-webkit-background-size:cover;-moz-background-size:cover;-o-background-size:cover;background-size:cover;padding: 0px 0px 0px 0px;\"><div class=\"fusion-sep-clear\"><\/div><div class=\"fusion-separator fusion-full-width-sep\" style=\"margin-left: auto;margin-right: auto;margin-top:50px;width:100%;\"><\/div><div class=\"fusion-sep-clear\"><\/div><div class=\"fusion-text fusion-text-1\"><p><span style=\"color: #333333;\">Rellene el formulario que encontrar\u00e1 a continuaci\u00f3n.<\/span><br \/>\n<span style=\"color: #333333;\">Una vez recibido nos pondremos en contacto con usted.<\/span><\/p>\n<\/div><div class=\"fusion-sep-clear\"><\/div><div class=\"fusion-separator fusion-full-width-sep\" style=\"margin-left: auto;margin-right: auto;margin-top:50px;width:100%;\"><\/div><div class=\"fusion-sep-clear\"><\/div><div class=\"fusion-text fusion-text-2\"><p><strong><span style=\"color: #333333;\">DIRECCI\u00d3N<br \/>\n<\/span><\/strong><span style=\"color: #333333;\">Francisco A\u00f1\u00f3n Paz 1 &#8211; Local C<\/span><br \/>\n<span style=\"color: #333333;\"> 32002 Ourense <a href=\"https:\/\/goo.gl\/maps\/bTABs6XsjHP2\" target=\"_blank\" rel=\"noopener\">\u00bfC\u00f3mo llegar?<\/a><\/span><\/p>\n<p><span style=\"color: #333333;\"><strong>COMO CONTACTAR<br \/>\nTel\u00e9fono:<\/strong> 988 604 749<\/span><br \/>\n<span style=\"color: #333333;\"><strong>Fax:<\/strong> 988 605 341<\/span><br \/>\n<span style=\"color: #333333;\"><strong> Email:<\/strong> <a style=\"color: #af8b61;\" href=\"mailto:trafico@transbagal.com\">trafico@transbagal.com<\/a><\/span><br \/>\n<span style=\"color: #333333;\"><strong>Web:<\/strong> <a style=\"color: #af8b61;\" href=\"http:\/\/transbagal.com\/\">www.transbagal.com<\/a><\/span><\/p>\n<p><strong>HORARIOS DE OFICINA<br \/>\n<\/strong>Lunes &#8211; Viernes<br \/>\n8:30 &#8211; 13:30 \/ 15:30 &#8211; 19:00 horas<\/p>\n<\/div><div class=\"fusion-clearfix\"><\/div><\/div><\/div><div class=\"fusion-layout-column fusion_builder_column fusion-builder-column-1 fusion_builder_column_1_2 1_2 fusion-one-half fusion-column-last\" style=\"width:48%;margin-top:0px;margin-bottom:20px;\"><div class=\"fusion-column-wrapper fusion-flex-column-wrapper-legacy\" style=\"background-position:left top;background-repeat:no-repeat;-webkit-background-size:cover;-moz-background-size:cover;-o-background-size:cover;background-size:cover;padding: 0px 0px 0px 0px;\">\n<div class=\"wpcf7 no-js\" id=\"wpcf7-f153-o1\" lang=\"en-US\" dir=\"ltr\" data-wpcf7-id=\"153\">\n<div class=\"screen-reader-response\"><p role=\"status\" aria-live=\"polite\" aria-atomic=\"true\"><\/p> <ul><\/ul><\/div>\n<form action=\"\/es\/wp-json\/wp\/v2\/pages\/15#wpcf7-f153-o1\" method=\"post\" class=\"wpcf7-form init\" aria-label=\"Contact form\" novalidate=\"novalidate\" data-status=\"init\">\n<fieldset class=\"hidden-fields-container\"><input type=\"hidden\" name=\"_wpcf7\" value=\"153\" \/><input type=\"hidden\" name=\"_wpcf7_version\" value=\"6.1.5\" \/><input type=\"hidden\" name=\"_wpcf7_locale\" value=\"en_US\" \/><input type=\"hidden\" name=\"_wpcf7_unit_tag\" value=\"wpcf7-f153-o1\" \/><input type=\"hidden\" name=\"_wpcf7_container_post\" value=\"0\" \/><input type=\"hidden\" name=\"_wpcf7_posted_data_hash\" value=\"\" \/><input type=\"hidden\" name=\"_wpcf7_recaptcha_response\" value=\"\" \/>\n<\/fieldset>\n<div style=\"color: #333; text-transform: uppercase;\">\n\t<p><label>NOMBRE<br \/>\n<span class=\"wpcf7-form-control-wrap\" data-name=\"nombre\"><input size=\"40\" maxlength=\"400\" class=\"wpcf7-form-control wpcf7-text wpcf7-validates-as-required\" aria-required=\"true\" aria-invalid=\"false\" value=\"\" type=\"text\" name=\"nombre\" \/><\/span> <\/label>\n\t<\/p>\n\t<p><label>EMPRESA<br \/>\n<span class=\"wpcf7-form-control-wrap\" data-name=\"empresa\"><input size=\"40\" maxlength=\"400\" class=\"wpcf7-form-control wpcf7-text wpcf7-validates-as-required\" aria-required=\"true\" aria-invalid=\"false\" value=\"\" type=\"text\" name=\"empresa\" \/><\/span> <\/label>\n\t<\/p>\n\t<p><label>TEL\u00c9FONO<br \/>\n<span class=\"wpcf7-form-control-wrap\" data-name=\"telefono\"><input size=\"40\" maxlength=\"400\" class=\"wpcf7-form-control wpcf7-tel wpcf7-validates-as-required wpcf7-text wpcf7-validates-as-tel\" aria-required=\"true\" aria-invalid=\"false\" value=\"\" type=\"tel\" name=\"telefono\" \/><\/span> <\/label>\n\t<\/p>\n\t<p><label>EMAIL<br \/>\n<span class=\"wpcf7-form-control-wrap\" data-name=\"email\"><input size=\"40\" maxlength=\"400\" class=\"wpcf7-form-control wpcf7-email wpcf7-validates-as-required wpcf7-text wpcf7-validates-as-email\" aria-required=\"true\" aria-invalid=\"false\" value=\"\" type=\"email\" name=\"email\" \/><\/span> <\/label>\n\t<\/p>\n\t<p><label>CONTACTAR CON EL DEPARTAMENTO<span class=\"wpcf7-form-control-wrap\" data-name=\"departamento\"><select class=\"wpcf7-form-control wpcf7-select\" aria-invalid=\"false\" name=\"departamento\"><option value=\"\"><\/option><option value=\"GERENCIA\">GERENCIA<\/option><option value=\"COMPRAS\">COMPRAS<\/option><option value=\"TRAFICO\">TRAFICO<\/option><option value=\"CONTABILIDAD\">CONTABILIDAD<\/option><option value=\"CALIDAD\">CALIDAD<\/option><option value=\"OTROS\">OTROS<\/option><\/select><\/span><\/label>\n\t<\/p>\n\t<p><label>DETALLE A CONTINUACI\u00d3N EL MOTIVO DE SU CONSULTA<br \/>\n<span class=\"wpcf7-form-control-wrap\" data-name=\"comentarios\"><textarea cols=\"40\" rows=\"10\" maxlength=\"2000\" class=\"wpcf7-form-control wpcf7-textarea\" aria-invalid=\"false\" name=\"comentarios\"><\/textarea><\/span> <\/label>\n\t<\/p>\n\t<p><span class=\"wpcf7-form-control-wrap\" data-name=\"acceptance-876\"><span class=\"wpcf7-form-control wpcf7-acceptance\"><span class=\"wpcf7-list-item\"><input type=\"checkbox\" name=\"acceptance-876\" value=\"1\" aria-invalid=\"false\" \/><\/span><\/span><\/span><a href=\"https:\/\/www.transbagal.com\/es\/politica-de-privacidad\/\" target=\"_blank\" rel=\"noopener\">Acepto la Pol\u00edtica de Privacidad<\/a>.\n\t<\/p>\n\t<p><input class=\"wpcf7-form-control wpcf7-submit has-spinner\" type=\"submit\" value=\"ENVIAR FORMULARIO\" \/>\n\t<\/p>\n<\/div><p style=\"display: none !important;\" class=\"akismet-fields-container\" data-prefix=\"_wpcf7_ak_\"><label>&#916;<textarea name=\"_wpcf7_ak_hp_textarea\" cols=\"45\" rows=\"8\" maxlength=\"100\"><\/textarea><\/label><input type=\"hidden\" id=\"ak_js_1\" name=\"_wpcf7_ak_js\" value=\"26\"\/><script type=\"text\/javascript\">\n\/* <![CDATA[ *\/\ndocument.getElementById( \"ak_js_1\" ).setAttribute( \"value\", ( new Date() ).getTime() );\n\/* ]]> *\/\n<\/script>\n<\/p><div class=\"fusion-alert alert custom alert-custom fusion-alert-center wpcf7-response-output fusion-alert-capitalize alert-dismissable\" style=\"border-width:1px;\"><button type=\"button\" class=\"close toggle-alert\" data-dismiss=\"alert\" aria-label=\"Close\">&times;<\/button><div class=\"fusion-alert-content-wrapper\"><span class=\"fusion-alert-content\"><\/span><\/div><\/div>\n<\/form>\n<\/div>\n<div class=\"fusion-clearfix\"><\/div><\/div><\/div><\/div><\/div>\n","protected":false},"excerpt":{"rendered":"","protected":false},"author":1,"featured_media":0,"parent":0,"menu_order":0,"comment_status":"closed","ping_status":"closed","template":"100-width.php","meta":{"_monsterinsights_skip_tracking":false,"_monsterinsights_sitenote_active":false,"_monsterinsights_sitenote_note":"","_monsterinsights_sitenote_category":0,"footnotes":""},"class_list":["post-15","page","type-page","status-publish","hentry"],"yoast_head":"<!-- This site is optimized with the Yoast SEO plugin v27.5 - https:\/\/yoast.com\/product\/yoast-seo-wordpress\/ -->\n<title>Contactar con agencia de transporte y env\u00edos de graneles - Transbagal<\/title>\n<meta name=\"description\" content=\"Puede contactar con nuestra agencia de transporte completando el formulario que encontrar\u00e1 a continuaci\u00f3n. Tambi\u00e9n puede visitarnos en nuestras oficinas de Ourense, llam\u00e1ndonos al tel\u00e9fono 988 604 749 o escribi\u00e9ndonos un email a la direcci\u00f3n transbagal@transbagal.com.\" \/>\n<meta name=\"robots\" content=\"index, follow, max-snippet:-1, max-image-preview:large, max-video-preview:-1\" \/>\n<link rel=\"canonical\" href=\"https:\/\/www.transbagal.com\/es\/contactar-con-agencia\/\" \/>\n<meta property=\"og:locale\" content=\"es_ES\" \/>\n<meta property=\"og:type\" content=\"article\" \/>\n<meta property=\"og:title\" content=\"Contactar con agencia de transporte y env\u00edos de graneles - Transbagal\" \/>\n<meta property=\"og:description\" content=\"Puede contactar con nuestra agencia de transporte completando el formulario que encontrar\u00e1 a continuaci\u00f3n. Tambi\u00e9n puede visitarnos en nuestras oficinas de Ourense, llam\u00e1ndonos al tel\u00e9fono 988 604 749 o escribi\u00e9ndonos un email a la direcci\u00f3n transbagal@transbagal.com.\" \/>\n<meta property=\"og:url\" content=\"https:\/\/www.transbagal.com\/es\/contactar-con-agencia\/\" \/>\n<meta property=\"og:site_name\" content=\"Transbagal\" \/>\n<meta property=\"article:modified_time\" content=\"2021-09-01T06:57:35+00:00\" \/>\n<meta name=\"twitter:card\" content=\"summary_large_image\" \/>\n<meta name=\"twitter:label1\" content=\"Tiempo de lectura\" \/>\n\t<meta name=\"twitter:data1\" content=\"2 minutos\" \/>\n<script type=\"application\/ld+json\" class=\"yoast-schema-graph\">{\"@context\":\"https:\\\/\\\/schema.org\",\"@graph\":[{\"@type\":\"WebPage\",\"@id\":\"https:\\\/\\\/www.transbagal.com\\\/es\\\/contactar-con-agencia\\\/\",\"url\":\"https:\\\/\\\/www.transbagal.com\\\/es\\\/contactar-con-agencia\\\/\",\"name\":\"Contactar con agencia de transporte y env\u00edos de graneles - Transbagal\",\"isPartOf\":{\"@id\":\"https:\\\/\\\/www.transbagal.com\\\/es\\\/#website\"},\"datePublished\":\"2017-08-06T19:22:07+00:00\",\"dateModified\":\"2021-09-01T06:57:35+00:00\",\"description\":\"Puede contactar con nuestra agencia de transporte completando el formulario que encontrar\u00e1 a continuaci\u00f3n. Tambi\u00e9n puede visitarnos en nuestras oficinas de Ourense, llam\u00e1ndonos al tel\u00e9fono 988 604 749 o escribi\u00e9ndonos un email a la direcci\u00f3n transbagal@transbagal.com.\",\"breadcrumb\":{\"@id\":\"https:\\\/\\\/www.transbagal.com\\\/es\\\/contactar-con-agencia\\\/#breadcrumb\"},\"inLanguage\":\"es\",\"potentialAction\":[{\"@type\":\"ReadAction\",\"target\":[\"https:\\\/\\\/www.transbagal.com\\\/es\\\/contactar-con-agencia\\\/\"]}]},{\"@type\":\"BreadcrumbList\",\"@id\":\"https:\\\/\\\/www.transbagal.com\\\/es\\\/contactar-con-agencia\\\/#breadcrumb\",\"itemListElement\":[{\"@type\":\"ListItem\",\"position\":1,\"name\":\"Portada\",\"item\":\"https:\\\/\\\/www.transbagal.com\\\/es\\\/\"},{\"@type\":\"ListItem\",\"position\":2,\"name\":\"Contactar con agencia de transporte\"}]},{\"@type\":\"WebSite\",\"@id\":\"https:\\\/\\\/www.transbagal.com\\\/es\\\/#website\",\"url\":\"https:\\\/\\\/www.transbagal.com\\\/es\\\/\",\"name\":\"Transbagal\",\"description\":\"Empresa especializada en el transporte de graneles s\u00f3lidos a nivel nacional e internacional\",\"potentialAction\":[{\"@type\":\"SearchAction\",\"target\":{\"@type\":\"EntryPoint\",\"urlTemplate\":\"https:\\\/\\\/www.transbagal.com\\\/es\\\/?s={search_term_string}\"},\"query-input\":{\"@type\":\"PropertyValueSpecification\",\"valueRequired\":true,\"valueName\":\"search_term_string\"}}],\"inLanguage\":\"es\"}]}<\/script>\n<!-- \/ Yoast SEO plugin. -->","yoast_head_json":{"title":"Contactar con agencia de transporte y env\u00edos de graneles - Transbagal","description":"Puede contactar con nuestra agencia de transporte completando el formulario que encontrar\u00e1 a continuaci\u00f3n. Tambi\u00e9n puede visitarnos en nuestras oficinas de Ourense, llam\u00e1ndonos al tel\u00e9fono 988 604 749 o escribi\u00e9ndonos un email a la direcci\u00f3n transbagal@transbagal.com.","robots":{"index":"index","follow":"follow","max-snippet":"max-snippet:-1","max-image-preview":"max-image-preview:large","max-video-preview":"max-video-preview:-1"},"canonical":"https:\/\/www.transbagal.com\/es\/contactar-con-agencia\/","og_locale":"es_ES","og_type":"article","og_title":"Contactar con agencia de transporte y env\u00edos de graneles - Transbagal","og_description":"Puede contactar con nuestra agencia de transporte completando el formulario que encontrar\u00e1 a continuaci\u00f3n. Tambi\u00e9n puede visitarnos en nuestras oficinas de Ourense, llam\u00e1ndonos al tel\u00e9fono 988 604 749 o escribi\u00e9ndonos un email a la direcci\u00f3n transbagal@transbagal.com.","og_url":"https:\/\/www.transbagal.com\/es\/contactar-con-agencia\/","og_site_name":"Transbagal","article_modified_time":"2021-09-01T06:57:35+00:00","twitter_card":"summary_large_image","twitter_misc":{"Tiempo de lectura":"2 minutos"},"schema":{"@context":"https:\/\/schema.org","@graph":[{"@type":"WebPage","@id":"https:\/\/www.transbagal.com\/es\/contactar-con-agencia\/","url":"https:\/\/www.transbagal.com\/es\/contactar-con-agencia\/","name":"Contactar con agencia de transporte y env\u00edos de graneles - Transbagal","isPartOf":{"@id":"https:\/\/www.transbagal.com\/es\/#website"},"datePublished":"2017-08-06T19:22:07+00:00","dateModified":"2021-09-01T06:57:35+00:00","description":"Puede contactar con nuestra agencia de transporte completando el formulario que encontrar\u00e1 a continuaci\u00f3n. Tambi\u00e9n puede visitarnos en nuestras oficinas de Ourense, llam\u00e1ndonos al tel\u00e9fono 988 604 749 o escribi\u00e9ndonos un email a la direcci\u00f3n transbagal@transbagal.com.","breadcrumb":{"@id":"https:\/\/www.transbagal.com\/es\/contactar-con-agencia\/#breadcrumb"},"inLanguage":"es","potentialAction":[{"@type":"ReadAction","target":["https:\/\/www.transbagal.com\/es\/contactar-con-agencia\/"]}]},{"@type":"BreadcrumbList","@id":"https:\/\/www.transbagal.com\/es\/contactar-con-agencia\/#breadcrumb","itemListElement":[{"@type":"ListItem","position":1,"name":"Portada","item":"https:\/\/www.transbagal.com\/es\/"},{"@type":"ListItem","position":2,"name":"Contactar con agencia de transporte"}]},{"@type":"WebSite","@id":"https:\/\/www.transbagal.com\/es\/#website","url":"https:\/\/www.transbagal.com\/es\/","name":"Transbagal","description":"Empresa especializada en el transporte de graneles s\u00f3lidos a nivel nacional e internacional","potentialAction":[{"@type":"SearchAction","target":{"@type":"EntryPoint","urlTemplate":"https:\/\/www.transbagal.com\/es\/?s={search_term_string}"},"query-input":{"@type":"PropertyValueSpecification","valueRequired":true,"valueName":"search_term_string"}}],"inLanguage":"es"}]}},"_links":{"self":[{"href":"https:\/\/www.transbagal.com\/es\/wp-json\/wp\/v2\/pages\/15","targetHints":{"allow":["GET"]}}],"collection":[{"href":"https:\/\/www.transbagal.com\/es\/wp-json\/wp\/v2\/pages"}],"about":[{"href":"https:\/\/www.transbagal.com\/es\/wp-json\/wp\/v2\/types\/page"}],"author":[{"embeddable":true,"href":"https:\/\/www.transbagal.com\/es\/wp-json\/wp\/v2\/users\/1"}],"replies":[{"embeddable":true,"href":"https:\/\/www.transbagal.com\/es\/wp-json\/wp\/v2\/comments?post=15"}],"version-history":[{"count":27,"href":"https:\/\/www.transbagal.com\/es\/wp-json\/wp\/v2\/pages\/15\/revisions"}],"predecessor-version":[{"id":1260,"href":"https:\/\/www.transbagal.com\/es\/wp-json\/wp\/v2\/pages\/15\/revisions\/1260"}],"wp:attachment":[{"href":"https:\/\/www.transbagal.com\/es\/wp-json\/wp\/v2\/media?parent=15"}],"curies":[{"name":"wp","href":"https:\/\/api.w.org\/{rel}","templated":true}]}}