{"id":1202,"date":"2019-07-15T14:29:54","date_gmt":"2019-07-15T14:29:54","guid":{"rendered":"https:\/\/www.transbagal.com\/es\/?page_id=1202"},"modified":"2023-07-02T06:09:05","modified_gmt":"2023-07-02T06:09:05","slug":"politica-de-calidad-y-medio-ambiente","status":"publish","type":"page","link":"https:\/\/www.transbagal.com\/es\/politica-de-calidad-y-medio-ambiente\/","title":{"rendered":"Pol\u00edtica de calidad y medio ambiente"},"content":{"rendered":"<div class=\"fusion-fullwidth fullwidth-box fusion-builder-row-1 nonhundred-percent-fullwidth non-hundred-percent-height-scrolling\" style=\"background-color: rgba(255,255,255,0);background-position: center center;background-repeat: no-repeat;padding-top:0px;padding-right:0px;padding-bottom:0px;padding-left:0px;margin-bottom: 0px;margin-top: 0px;border-width: 0px 0px 0px 0px;border-color:#eae9e9;border-style:solid;\" ><div class=\"fusion-builder-row fusion-row\"><div class=\"fusion-layout-column fusion_builder_column fusion-builder-column-0 fusion_builder_column_1_1 1_1 fusion-one-full fusion-column-first fusion-column-last\" style=\"margin-top:0px;margin-bottom:0px;\"><div class=\"fusion-column-wrapper fusion-flex-column-wrapper-legacy\" style=\"background-position:left top;background-repeat:no-repeat;-webkit-background-size:cover;-moz-background-size:cover;-o-background-size:cover;background-size:cover;padding: 0px 0px 0px 0px;\"><div class=\"fusion-text fusion-text-1\"><h2>POL\u00cdTICA DE CALIDAD Y MEDIO AMBIENTE<\/h2>\n<p style=\"font-weight: 400;\"><strong>TRANSBAGAL, S.L. <\/strong>empresa cuya actividad es el transporte, por carretera, de mercanc\u00edas a granel de \u00e1mbito nacional e internacional, busca satisfacer las necesidades y expectativas de los clientes presentes y futuros.<\/p>\n<p style=\"font-weight: 400;\">Nuestra <strong>MISI\u00d3N <\/strong>se basa en nuestro af\u00e1n de seguir creciendo y mejorando en todas las actividades que desarrollamos, por ello hemos decidido implantar <strong>un Sistema Integrado de Gesti\u00f3n de Calidad y Medio Ambiente <\/strong>basado en las normas internacionales UNE-EN ISO 9001, UNE-EN ISO 14001, la norma <strong>IFS LOGISTICS <\/strong>y norma <strong>GMP+ <\/strong>que nos permita la mejora continua y el cumplimiento de todos nuestros objetivos, as\u00ed como desarrollar una alta responsabilidad con la calidad y seguridad, con el personal, con el medioambiente y con la sostenibilidad, con el fin \u00faltimo de mejorar el servicio que <strong>TRANSBAGAL<\/strong>, <strong>S.L<\/strong>. presta a todos sus clientes.<\/p>\n<p style=\"font-weight: 400;\"><strong>TRANSBAGAL, S.L. <\/strong>enfoca el Sistema Integrado de Gesti\u00f3n de Calidad y Medio Ambiente como una manera de organizar el funcionamiento de su organizaci\u00f3n, fundament\u00e1ndolo en unos pilares b\u00e1sicos como son la <strong>Calidad de su Servicio <\/strong>y de sus <strong>Procesos<\/strong>, el <strong>respeto hacia el Medio Ambiente <\/strong>en el plano laboral, el personal involucrado y consciente de la importancia de la cultura de calidad y seguridad del producto\/servicio, todo ello como fruto de la <strong>Mejora Continua <\/strong>y la incesante b\u00fasqueda de la <strong>Cooperaci\u00f3n <\/strong>y <strong>Satisfacci\u00f3n de Proveedores y Clientes. <\/strong>Por ello la Direcci\u00f3n, declara el compromiso en el cumplimiento de los siguientes puntos:<\/p>\n<ul>\n<li>Ser\u00e1n estos factores y su mejora continua <strong>responsabilidad de todas y cada una de las personas <\/strong>que integran la plantilla, asumiendo todos, el permanente compromiso por el <strong>cumplimiento de los requisitos legales y reglamentarios aplicables, as\u00ed como de otros requisitos que la organizaci\u00f3n suscriba, <\/strong>a la hora de desarrollar su trabajo. Por ello la Direcci\u00f3n dedicar\u00e1 los <strong>recursos necesarios <\/strong>para que puedan alcanzarse con \u00e9xito los <strong>Objetivos de Calidad <\/strong>y <strong>Medio Ambiente <\/strong>planteados.<\/li>\n<\/ul>\n<ul>\n<li>Garantizar la seguridad de los productos durante el transporte, aplicando un control de procesos, la trazabilidad y la gesti\u00f3n de riesgos, ajustarse a los requisitos legales vigentes, as\u00ed como a los compromisos que pudiera suscribir y en funci\u00f3n de \u00e9stos, adaptar sus procesos a la realidad de su actividad, satisfaciendo as\u00ed las necesidades de los clientes.<\/li>\n<\/ul>\n<ul>\n<li><strong>Prevenir la contaminaci\u00f3n <\/strong>mediante la identificaci\u00f3n, evaluaci\u00f3n y control de los aspectos ambientales derivados del desarrollo de la actividad de <strong>TRANSBAGAL, S.L. <\/strong>priorizando sobre aquellos materiales m\u00e1s ecol\u00f3gicos y gestionando correctamente los residuos generados derivados de nuestras actividades.<\/li>\n<\/ul>\n<ul>\n<li><strong>La Calidad y la Gesti\u00f3n Ambiental <\/strong>se apoyan en un Plan de <strong>Mejora Continua <\/strong>tanto de los procesos de prestaci\u00f3n del servicio como de la eficacia del Sistema de Gesti\u00f3n Integrado, en el que <strong>prevenir <\/strong>los errores sea un aspecto fundamental.<\/li>\n<\/ul>\n<ul>\n<li><strong>Aumentar el rendimiento y la eficacia general <\/strong>de <strong>TRANSBAGAL, S.L. <\/strong>teniendo en cuenta las <strong>necesidades de los clientes <\/strong>y la evoluci\u00f3n que sufren las mismas. Para ello se <strong>revisar\u00e1 <\/strong><strong>peri\u00f3dicamente <\/strong>la estrategia de <strong>TRANSBAGAL, S.L<\/strong>. y el cumplimiento de los Objetivos, cuyo marco de referencia lo constituyen los principios adoptados en esta declaraci\u00f3n.<\/li>\n<\/ul>\n<ul>\n<li>La Calidad se apoya en la <strong>Mejora Continua <\/strong>tanto de los procesos productivos y de prestaci\u00f3n del servicio, como de la <strong>eficacia del Sistema de Gesti\u00f3n <\/strong>Integrado de la Calidad y Medio Ambiente en el que prevenir los errores sea un aspecto fundamental.<\/li>\n<\/ul>\n<ul>\n<li>La Calidad nos dirige a prestar la m\u00e1xima atenci\u00f3n a la evoluci\u00f3n tecnol\u00f3gica y a las posibles mejoras que las nuevas tecnolog\u00edas pusieran a nuestra disposici\u00f3n.<\/li>\n<\/ul>\n<ul>\n<li>La Calidad requiere de <strong>la participaci\u00f3n y colaboraci\u00f3n de todos <\/strong>por lo que esta Pol\u00edtica es difundida a todo el personal de la Empresa para su conocimiento y comprensi\u00f3n.<\/li>\n<\/ul>\n<p style=\"font-weight: 400;\"><strong>TRANSBAGAL, S.L. <\/strong>tiene como prioridad b\u00e1sica y permanente la <strong>mejora continua de los procesos<\/strong>, mediante la b\u00fasqueda de la m\u00e1s alta calidad, de modo que sean satisfechas las expectativas de nuestros CLIENTES y PROVEEDORES (y de todas las partes interesadas) mediante <strong>el compromiso de toda la organizaci\u00f3n en cumplir con sus necesidades y requisitos<\/strong>, as\u00ed como los <strong>requisitos legales y reglamentarios <\/strong>en materia ambiental, de calidad y Seguridad alimentaria vigentes, los propios de los productos transportados y servicios prestados, as\u00ed como otros requisitos que la empresa suscriba.<\/p>\n<p style=\"font-weight: 400;\">Nuestra <strong>VISI\u00d3N <\/strong>se centra en convertirse en una empresa l\u00edder en su sector, referente en el transporte de mercanc\u00edas a granel en Espa\u00f1a y Europa. Para ello, desde <strong>TRANSBAGAL, S.L. <\/strong>partiendo de s\u00f3lidos principios, manteniendo los est\u00e1ndares de calidad y eficiencia y a trav\u00e9s de la mejora continua de toda nuestra organizaci\u00f3n, pretendemos lograr la fidelizaci\u00f3n de todos nuestros clientes.<\/p>\n<p style=\"font-weight: 400;\">La Gerencia establece las medidas necesarias para asegurar que esta <strong>pol\u00edtica es difundida y entendida a todas las \u00e1reas de la organizaci\u00f3n <\/strong>y se implanta, se revisa y se mantiene al d\u00eda, adem\u00e1s de encontrarse a disposici\u00f3n del p\u00fablico respondiendo positivamente a las leg\u00edtimas demandas de informaci\u00f3n.<\/p>\n<p style=\"font-weight: 400;\">Este compromiso exige actitudes de <strong>colaboraci\u00f3n y participaci\u00f3n <\/strong>a todos los niveles, y para ello, la <strong>informaci\u00f3n<\/strong>, <strong>comunicaci\u00f3n <\/strong>y <strong>aumento de competencia <\/strong>del personal son indispensables. Desarrollamos nuestra actividad, teniendo siempre presente que el resultado de nuestro trabajo deber\u00e1:<\/p>\n<blockquote>\n<p style=\"font-weight: 400;\"><strong>ASEGURAR LA CALIDAD, SEGURIDAD Y LEGALIDAD DE LOS PRODUCTOS DURANTE EL TRANSPORTE<\/strong>.<\/p>\n<p style=\"font-weight: 400;\"><strong>ASEGURAR LA SATISFACCI\u00d3N DE LOS CLIENTES. <\/strong><\/p>\n<p style=\"font-weight: 400;\"><strong>COMPROMETIDOS CON EL MEDIO AMBIENTE, SOSTENIBILIDAD Y \u00c9TICA. <\/strong><\/p>\n<\/blockquote>\n<p style=\"font-weight: 400;\">As\u00ed, es responsabilidad m\u00eda y de todo el personal de <strong>TRANSBAGAL, S.L. <\/strong>el correcto cumplimiento de estas directrices y su implantaci\u00f3n.<\/p>\n<p style=\"font-weight: 400;\">La Direcci\u00f3n, en Ourense a 01\/07\/2023<\/p>\n<\/div><div class=\"fusion-clearfix\"><\/div><\/div><\/div><\/div><\/div>\n","protected":false},"excerpt":{"rendered":"","protected":false},"author":1,"featured_media":0,"parent":0,"menu_order":0,"comment_status":"closed","ping_status":"closed","template":"","meta":{"_monsterinsights_skip_tracking":false,"_monsterinsights_sitenote_active":false,"_monsterinsights_sitenote_note":"","_monsterinsights_sitenote_category":0,"footnotes":""},"class_list":["post-1202","page","type-page","status-publish","hentry"],"yoast_head":"<!-- This site is optimized with the Yoast SEO plugin v27.5 - https:\/\/yoast.com\/product\/yoast-seo-wordpress\/ -->\n<title>Pol\u00edtica de calidad y medio ambiente - Transbagal<\/title>\n<meta name=\"robots\" content=\"index, follow, max-snippet:-1, max-image-preview:large, max-video-preview:-1\" \/>\n<link rel=\"canonical\" href=\"https:\/\/www.transbagal.com\/es\/politica-de-calidad-y-medio-ambiente\/\" \/>\n<meta property=\"og:locale\" content=\"es_ES\" \/>\n<meta property=\"og:type\" content=\"article\" \/>\n<meta property=\"og:title\" content=\"Pol\u00edtica de calidad y medio ambiente - Transbagal\" \/>\n<meta property=\"og:url\" content=\"https:\/\/www.transbagal.com\/es\/politica-de-calidad-y-medio-ambiente\/\" \/>\n<meta property=\"og:site_name\" content=\"Transbagal\" \/>\n<meta property=\"article:modified_time\" content=\"2023-07-02T06:09:05+00:00\" \/>\n<meta name=\"twitter:card\" content=\"summary_large_image\" \/>\n<meta name=\"twitter:label1\" content=\"Tiempo de lectura\" \/>\n\t<meta name=\"twitter:data1\" content=\"5 minutos\" \/>\n<script type=\"application\/ld+json\" class=\"yoast-schema-graph\">{\"@context\":\"https:\\\/\\\/schema.org\",\"@graph\":[{\"@type\":\"WebPage\",\"@id\":\"https:\\\/\\\/www.transbagal.com\\\/es\\\/politica-de-calidad-y-medio-ambiente\\\/\",\"url\":\"https:\\\/\\\/www.transbagal.com\\\/es\\\/politica-de-calidad-y-medio-ambiente\\\/\",\"name\":\"Pol\u00edtica de calidad y medio ambiente - Transbagal\",\"isPartOf\":{\"@id\":\"https:\\\/\\\/www.transbagal.com\\\/es\\\/#website\"},\"datePublished\":\"2019-07-15T14:29:54+00:00\",\"dateModified\":\"2023-07-02T06:09:05+00:00\",\"breadcrumb\":{\"@id\":\"https:\\\/\\\/www.transbagal.com\\\/es\\\/politica-de-calidad-y-medio-ambiente\\\/#breadcrumb\"},\"inLanguage\":\"es\",\"potentialAction\":[{\"@type\":\"ReadAction\",\"target\":[\"https:\\\/\\\/www.transbagal.com\\\/es\\\/politica-de-calidad-y-medio-ambiente\\\/\"]}]},{\"@type\":\"BreadcrumbList\",\"@id\":\"https:\\\/\\\/www.transbagal.com\\\/es\\\/politica-de-calidad-y-medio-ambiente\\\/#breadcrumb\",\"itemListElement\":[{\"@type\":\"ListItem\",\"position\":1,\"name\":\"Portada\",\"item\":\"https:\\\/\\\/www.transbagal.com\\\/es\\\/\"},{\"@type\":\"ListItem\",\"position\":2,\"name\":\"Pol\u00edtica de calidad y medio ambiente\"}]},{\"@type\":\"WebSite\",\"@id\":\"https:\\\/\\\/www.transbagal.com\\\/es\\\/#website\",\"url\":\"https:\\\/\\\/www.transbagal.com\\\/es\\\/\",\"name\":\"Transbagal\",\"description\":\"Empresa especializada en el transporte de graneles s\u00f3lidos a nivel nacional e internacional\",\"potentialAction\":[{\"@type\":\"SearchAction\",\"target\":{\"@type\":\"EntryPoint\",\"urlTemplate\":\"https:\\\/\\\/www.transbagal.com\\\/es\\\/?s={search_term_string}\"},\"query-input\":{\"@type\":\"PropertyValueSpecification\",\"valueRequired\":true,\"valueName\":\"search_term_string\"}}],\"inLanguage\":\"es\"}]}<\/script>\n<!-- \/ Yoast SEO plugin. -->","yoast_head_json":{"title":"Pol\u00edtica de calidad y medio ambiente - Transbagal","robots":{"index":"index","follow":"follow","max-snippet":"max-snippet:-1","max-image-preview":"max-image-preview:large","max-video-preview":"max-video-preview:-1"},"canonical":"https:\/\/www.transbagal.com\/es\/politica-de-calidad-y-medio-ambiente\/","og_locale":"es_ES","og_type":"article","og_title":"Pol\u00edtica de calidad y medio ambiente - Transbagal","og_url":"https:\/\/www.transbagal.com\/es\/politica-de-calidad-y-medio-ambiente\/","og_site_name":"Transbagal","article_modified_time":"2023-07-02T06:09:05+00:00","twitter_card":"summary_large_image","twitter_misc":{"Tiempo de lectura":"5 minutos"},"schema":{"@context":"https:\/\/schema.org","@graph":[{"@type":"WebPage","@id":"https:\/\/www.transbagal.com\/es\/politica-de-calidad-y-medio-ambiente\/","url":"https:\/\/www.transbagal.com\/es\/politica-de-calidad-y-medio-ambiente\/","name":"Pol\u00edtica de calidad y medio ambiente - Transbagal","isPartOf":{"@id":"https:\/\/www.transbagal.com\/es\/#website"},"datePublished":"2019-07-15T14:29:54+00:00","dateModified":"2023-07-02T06:09:05+00:00","breadcrumb":{"@id":"https:\/\/www.transbagal.com\/es\/politica-de-calidad-y-medio-ambiente\/#breadcrumb"},"inLanguage":"es","potentialAction":[{"@type":"ReadAction","target":["https:\/\/www.transbagal.com\/es\/politica-de-calidad-y-medio-ambiente\/"]}]},{"@type":"BreadcrumbList","@id":"https:\/\/www.transbagal.com\/es\/politica-de-calidad-y-medio-ambiente\/#breadcrumb","itemListElement":[{"@type":"ListItem","position":1,"name":"Portada","item":"https:\/\/www.transbagal.com\/es\/"},{"@type":"ListItem","position":2,"name":"Pol\u00edtica de calidad y medio ambiente"}]},{"@type":"WebSite","@id":"https:\/\/www.transbagal.com\/es\/#website","url":"https:\/\/www.transbagal.com\/es\/","name":"Transbagal","description":"Empresa especializada en el transporte de graneles s\u00f3lidos a nivel nacional e internacional","potentialAction":[{"@type":"SearchAction","target":{"@type":"EntryPoint","urlTemplate":"https:\/\/www.transbagal.com\/es\/?s={search_term_string}"},"query-input":{"@type":"PropertyValueSpecification","valueRequired":true,"valueName":"search_term_string"}}],"inLanguage":"es"}]}},"_links":{"self":[{"href":"https:\/\/www.transbagal.com\/es\/wp-json\/wp\/v2\/pages\/1202","targetHints":{"allow":["GET"]}}],"collection":[{"href":"https:\/\/www.transbagal.com\/es\/wp-json\/wp\/v2\/pages"}],"about":[{"href":"https:\/\/www.transbagal.com\/es\/wp-json\/wp\/v2\/types\/page"}],"author":[{"embeddable":true,"href":"https:\/\/www.transbagal.com\/es\/wp-json\/wp\/v2\/users\/1"}],"replies":[{"embeddable":true,"href":"https:\/\/www.transbagal.com\/es\/wp-json\/wp\/v2\/comments?post=1202"}],"version-history":[{"count":14,"href":"https:\/\/www.transbagal.com\/es\/wp-json\/wp\/v2\/pages\/1202\/revisions"}],"predecessor-version":[{"id":1277,"href":"https:\/\/www.transbagal.com\/es\/wp-json\/wp\/v2\/pages\/1202\/revisions\/1277"}],"wp:attachment":[{"href":"https:\/\/www.transbagal.com\/es\/wp-json\/wp\/v2\/media?parent=1202"}],"curies":[{"name":"wp","href":"https:\/\/api.w.org\/{rel}","templated":true}]}}