{"id":1083,"date":"2018-06-14T15:12:14","date_gmt":"2018-06-14T15:12:14","guid":{"rendered":"https:\/\/www.transbagal.com\/es\/?page_id=1083"},"modified":"2018-06-14T15:13:52","modified_gmt":"2018-06-14T15:13:52","slug":"politica-de-cookies","status":"publish","type":"page","link":"https:\/\/www.transbagal.com\/es\/politica-de-cookies\/","title":{"rendered":"Politica de Cookies"},"content":{"rendered":"<div class=\"fusion-fullwidth fullwidth-box fusion-builder-row-1 nonhundred-percent-fullwidth non-hundred-percent-height-scrolling\" style=\"background-color: rgba(255,255,255,0);background-position: center center;background-repeat: no-repeat;padding-top:0px;padding-right:0px;padding-bottom:50px;padding-left:0px;margin-bottom: 0px;margin-top: 0px;border-width: 0px 0px 0px 0px;border-color:#eae9e9;border-style:solid;\" ><div class=\"fusion-builder-row fusion-row\"><div class=\"fusion-layout-column fusion_builder_column fusion-builder-column-0 fusion_builder_column_1_1 1_1 fusion-one-full fusion-column-first fusion-column-last\" style=\"margin-top:0px;margin-bottom:0px;\"><div class=\"fusion-column-wrapper fusion-flex-column-wrapper-legacy\" style=\"background-position:left top;background-repeat:no-repeat;-webkit-background-size:cover;-moz-background-size:cover;-o-background-size:cover;background-size:cover;padding: 0px 0px 0px 0px;\"><div class=\"fusion-text fusion-text-1\"><h2>INFORMACI\u00d3N SOBRE COOKIES<\/h2>\n<p>Debido a la entrada en vigor de la referente modificaci\u00f3n de la \u201cLey de Servicios de la Sociedad de la Informaci\u00f3n\u201d (LSSICE) establecida por el Real Decreto 13\/2012, es de obligaci\u00f3n obtener el consentimiento expreso del usuario de todas las p\u00e1ginas web que usan cookies prescindibles, antes de que \u00e9ste navegue por ellas.<\/p>\n<h4>\u00bfQU\u00c9 SON LAS COOKIES?<\/h4>\n<p>Las cookies y otras tecnolog\u00edas similares tales como local shared objects, flash cookies o p\u00edxeles, son herramientas empleadas por los servidores Web para almacenar y recuperar informaci\u00f3n acerca de sus visitantes, as\u00ed como para ofrecer un correcto funcionamiento del sitio.<\/p>\n<p>Mediante el uso de estos dispositivos se permite al servidor Web recordar algunos datos concernientes al usuario, como sus preferencias para la visualizaci\u00f3n de las p\u00e1ginas de ese servidor, nombre y contrase\u00f1a, productos que m\u00e1s le interesan, etc.<\/p>\n<h4>COOKIES AFECTADAS POR LA NORMATIVA Y COOKIES EXCEPTUADAS<\/h4>\n<p>Seg\u00fan la directiva de la UE, las cookies que requieren el consentimiento informado por parte del usuario son las cookies de anal\u00edtica y las de publicidad y afiliaci\u00f3n, quedando exceptuadas las de car\u00e1cter t\u00e9cnico y las necesarias para el funcionamiento del sitio web o la prestaci\u00f3n de servicios expresamente solicitados por el usuario.<\/p>\n<h4>\u00bfQU\u00c9 TIPOS DE COOKIES EXISTEN?<\/h4>\n<p>Sobre los tipos de cookies, existen cinco grandes grupos:<\/p>\n<p>&#8211; Cookies anal\u00edticas: recogen informaci\u00f3n del uso que se realiza del sitio web.<\/p>\n<p>&#8211; Cookies sociales: son aquellas necesarias para redes sociales externas.<\/p>\n<p>&#8211; Cookies de afiliados: permiten hacer un seguimiento de las visitas procedentes de otras webs, con las que el sitio web establece un contrato de afiliaci\u00f3n (empresas de afiliaci\u00f3n).<\/p>\n<p>&#8211; Cookies de publicidad y comportamentales: recogen informaci\u00f3n sobre las preferencias y elecciones personales del usuario (retargeting).<\/p>\n<p>&#8211; Cookies t\u00e9cnicas y funcionales: son las estrictamente necesarias para el uso del sitio web y para la prestaci\u00f3n del servicio contratado.<\/p>\n<h4>COOKIES QUE SE UTILIZAN EN ESTE SITIO WEB<\/h4>\n<p>En esta web s\u00f3lo se utilizan cookies an\u00e1liticas, t\u00e9cnicas y funcionales para mejorar la usabilidad del site.<\/p>\n<h4>REVOCACI\u00d3N DEL CONSENTIMIENTO PARA INSTALAR COOKIES COMO ELIMINAR LAS COOKIES DEL NAVEGADOR<\/h4>\n<h5>Chrome<\/h5>\n<p>1. Selecciona el icono de Herramientas<br \/>\n2. Haz clic en Configuraci\u00f3n.<br \/>\n3. Haz clic en Mostrar Opciones Avanzadas.<br \/>\n4. En la secci\u00f3n \u00abPrivacidad\u00bb haz clic en Configuraci\u00f3n de contenido.<br \/>\n\u2022 Eliminar cookies: Haz clic en Todas las cookies y los datos de sitios\u2026<br \/>\n\u2022 No permitir que se almacenen cookies.<br \/>\n5. Haz clic en Eliminar datos de navegaci\u00f3n (vaciar la Cach\u00e9).<br \/>\n6. Cierra y reinicia el navegador.<\/p>\n<p>Para m\u00e1s informaci\u00f3n sobre Chrome pulse aqu\u00ed: http:\/\/support.google.com\/chrome\/answer\/95647?hl=es<\/p>\n<h5>Internet Explorer. Versi\u00f3n 11<\/h5>\n<p>1. Selecciona Herramientas | Opciones de Internet.<br \/>\n2. Haz clic en la ficha General.<br \/>\n3. En la secci\u00f3n \u00abHistorial de exploraci\u00f3n\u00bb, haz clic en Eliminar el historial de exploraci\u00f3n al salir.<br \/>\n4. Seleccionar Eliminar archivos.<br \/>\n5. Seleccionar Eliminar cookies.<br \/>\n6. Haz clic en Eliminar.<br \/>\n7. Haz clic en Aceptar.<br \/>\n8. Cierra y reinicia el navegador.<\/p>\n<p>Para m\u00e1s informaci\u00f3n sobre Internet Explorer pulse aqu\u00ed:<\/p>\n<p>http:\/\/windows.microsoft.com\/es-419\/windows7\/how-to-manage-cookies-in-internet-explorer-9<\/p>\n<h5>Firefox. Versi\u00f3n 18<\/h5>\n<p>1. Selecciona Firefox | Historial | Limpiar el historial reciente.<br \/>\n2. Al lado de \u00abDetalles\u00bb, haz clic en la flecha hacia abajo.<br \/>\n3. Selecciona las siguientes casillas de verificaci\u00f3n: Cookies, Cach\u00e9, Inicios de sesi\u00f3n activos<br \/>\n4. Usando el \u00abIntervalo de tiempo para borrar\u00bb en el men\u00fa desplegable, selecciona Todo.<br \/>\n5. Haz clic en Borrar ahora.<br \/>\n6. Cierra y reinicia el navegador.<\/p>\n<p>Puede aceptar o rechazar las cookies individualmente en las Preferencias de Firefox, en la secci\u00f3n Historial disponible en<br \/>\nHerramientas &gt; Opciones &gt; Privacidad.<\/p>\n<p>Para m\u00e1s informaci\u00f3n sobre Mozilla Firefox pulse aqu\u00ed: https:\/\/www.mozilla.org\/es-ES\/privacy\/websites\/#cookies<\/p>\n<h5>Safari Versi\u00f3n 5.1<\/h5>\n<p>1. Selecciona el icono de Safari \/ Editar | Restaurar Safari.<br \/>\n2. Selecciona las siguientes casillas de verificaci\u00f3n: Borrar el historial, Eliminar todos los datos de sitio web<br \/>\n3. Haz clic en Restablecer.<br \/>\n4. Cierra y reinicia el navegador.<\/p>\n<p>Para m\u00e1s informaci\u00f3n sobre Safari pulse aqu\u00ed: http:\/\/support.apple.com\/kb\/PH5042<\/p>\n<h5>Opera<\/h5>\n<p>Opciones &#8211; Avanzado &#8211; Cookies.<\/p>\n<p>Las opciones de cookies controlan el modo en que Opera los maneja y por lo tanto su aceptaci\u00f3n o rechazo.<\/p>\n<p>Para m\u00e1s informaci\u00f3n sobre \u00d3pera pulse aqu\u00ed: http:\/\/help.opera.com\/Linux\/10.60\/es-ES\/cookies.html<\/p>\n<h5>Otros navegadores<\/h5>\n<p>Consulte la documentaci\u00f3n del navegador que tenga instalado.<\/p>\n<\/div><div class=\"fusion-clearfix\"><\/div><\/div><\/div><\/div><\/div>\n","protected":false},"excerpt":{"rendered":"","protected":false},"author":1,"featured_media":0,"parent":0,"menu_order":0,"comment_status":"closed","ping_status":"closed","template":"","meta":{"_monsterinsights_skip_tracking":false,"_monsterinsights_sitenote_active":false,"_monsterinsights_sitenote_note":"","_monsterinsights_sitenote_category":0,"footnotes":""},"class_list":["post-1083","page","type-page","status-publish","hentry"],"yoast_head":"<!-- This site is optimized with the Yoast SEO plugin v27.4 - https:\/\/yoast.com\/product\/yoast-seo-wordpress\/ -->\n<title>Politica de Cookies - Transbagal<\/title>\n<meta name=\"robots\" content=\"index, follow, max-snippet:-1, max-image-preview:large, max-video-preview:-1\" \/>\n<link rel=\"canonical\" href=\"https:\/\/www.transbagal.com\/es\/politica-de-cookies\/\" \/>\n<meta property=\"og:locale\" content=\"es_ES\" \/>\n<meta property=\"og:type\" content=\"article\" \/>\n<meta property=\"og:title\" content=\"Politica de Cookies - Transbagal\" \/>\n<meta property=\"og:url\" content=\"https:\/\/www.transbagal.com\/es\/politica-de-cookies\/\" \/>\n<meta property=\"og:site_name\" content=\"Transbagal\" \/>\n<meta property=\"article:modified_time\" content=\"2018-06-14T15:13:52+00:00\" \/>\n<meta name=\"twitter:card\" content=\"summary_large_image\" \/>\n<meta name=\"twitter:label1\" content=\"Tiempo de lectura\" \/>\n\t<meta name=\"twitter:data1\" content=\"5 minutos\" \/>\n<script type=\"application\/ld+json\" class=\"yoast-schema-graph\">{\"@context\":\"https:\\\/\\\/schema.org\",\"@graph\":[{\"@type\":\"WebPage\",\"@id\":\"https:\\\/\\\/www.transbagal.com\\\/es\\\/politica-de-cookies\\\/\",\"url\":\"https:\\\/\\\/www.transbagal.com\\\/es\\\/politica-de-cookies\\\/\",\"name\":\"Politica de Cookies - Transbagal\",\"isPartOf\":{\"@id\":\"https:\\\/\\\/www.transbagal.com\\\/es\\\/#website\"},\"datePublished\":\"2018-06-14T15:12:14+00:00\",\"dateModified\":\"2018-06-14T15:13:52+00:00\",\"breadcrumb\":{\"@id\":\"https:\\\/\\\/www.transbagal.com\\\/es\\\/politica-de-cookies\\\/#breadcrumb\"},\"inLanguage\":\"es\",\"potentialAction\":[{\"@type\":\"ReadAction\",\"target\":[\"https:\\\/\\\/www.transbagal.com\\\/es\\\/politica-de-cookies\\\/\"]}]},{\"@type\":\"BreadcrumbList\",\"@id\":\"https:\\\/\\\/www.transbagal.com\\\/es\\\/politica-de-cookies\\\/#breadcrumb\",\"itemListElement\":[{\"@type\":\"ListItem\",\"position\":1,\"name\":\"Portada\",\"item\":\"https:\\\/\\\/www.transbagal.com\\\/es\\\/\"},{\"@type\":\"ListItem\",\"position\":2,\"name\":\"Politica de Cookies\"}]},{\"@type\":\"WebSite\",\"@id\":\"https:\\\/\\\/www.transbagal.com\\\/es\\\/#website\",\"url\":\"https:\\\/\\\/www.transbagal.com\\\/es\\\/\",\"name\":\"Transbagal\",\"description\":\"Empresa especializada en el transporte de graneles s\u00f3lidos a nivel nacional e internacional\",\"potentialAction\":[{\"@type\":\"SearchAction\",\"target\":{\"@type\":\"EntryPoint\",\"urlTemplate\":\"https:\\\/\\\/www.transbagal.com\\\/es\\\/?s={search_term_string}\"},\"query-input\":{\"@type\":\"PropertyValueSpecification\",\"valueRequired\":true,\"valueName\":\"search_term_string\"}}],\"inLanguage\":\"es\"}]}<\/script>\n<!-- \/ Yoast SEO plugin. -->","yoast_head_json":{"title":"Politica de Cookies - Transbagal","robots":{"index":"index","follow":"follow","max-snippet":"max-snippet:-1","max-image-preview":"max-image-preview:large","max-video-preview":"max-video-preview:-1"},"canonical":"https:\/\/www.transbagal.com\/es\/politica-de-cookies\/","og_locale":"es_ES","og_type":"article","og_title":"Politica de Cookies - Transbagal","og_url":"https:\/\/www.transbagal.com\/es\/politica-de-cookies\/","og_site_name":"Transbagal","article_modified_time":"2018-06-14T15:13:52+00:00","twitter_card":"summary_large_image","twitter_misc":{"Tiempo de lectura":"5 minutos"},"schema":{"@context":"https:\/\/schema.org","@graph":[{"@type":"WebPage","@id":"https:\/\/www.transbagal.com\/es\/politica-de-cookies\/","url":"https:\/\/www.transbagal.com\/es\/politica-de-cookies\/","name":"Politica de Cookies - Transbagal","isPartOf":{"@id":"https:\/\/www.transbagal.com\/es\/#website"},"datePublished":"2018-06-14T15:12:14+00:00","dateModified":"2018-06-14T15:13:52+00:00","breadcrumb":{"@id":"https:\/\/www.transbagal.com\/es\/politica-de-cookies\/#breadcrumb"},"inLanguage":"es","potentialAction":[{"@type":"ReadAction","target":["https:\/\/www.transbagal.com\/es\/politica-de-cookies\/"]}]},{"@type":"BreadcrumbList","@id":"https:\/\/www.transbagal.com\/es\/politica-de-cookies\/#breadcrumb","itemListElement":[{"@type":"ListItem","position":1,"name":"Portada","item":"https:\/\/www.transbagal.com\/es\/"},{"@type":"ListItem","position":2,"name":"Politica de Cookies"}]},{"@type":"WebSite","@id":"https:\/\/www.transbagal.com\/es\/#website","url":"https:\/\/www.transbagal.com\/es\/","name":"Transbagal","description":"Empresa especializada en el transporte de graneles s\u00f3lidos a nivel nacional e internacional","potentialAction":[{"@type":"SearchAction","target":{"@type":"EntryPoint","urlTemplate":"https:\/\/www.transbagal.com\/es\/?s={search_term_string}"},"query-input":{"@type":"PropertyValueSpecification","valueRequired":true,"valueName":"search_term_string"}}],"inLanguage":"es"}]}},"_links":{"self":[{"href":"https:\/\/www.transbagal.com\/es\/wp-json\/wp\/v2\/pages\/1083","targetHints":{"allow":["GET"]}}],"collection":[{"href":"https:\/\/www.transbagal.com\/es\/wp-json\/wp\/v2\/pages"}],"about":[{"href":"https:\/\/www.transbagal.com\/es\/wp-json\/wp\/v2\/types\/page"}],"author":[{"embeddable":true,"href":"https:\/\/www.transbagal.com\/es\/wp-json\/wp\/v2\/users\/1"}],"replies":[{"embeddable":true,"href":"https:\/\/www.transbagal.com\/es\/wp-json\/wp\/v2\/comments?post=1083"}],"version-history":[{"count":3,"href":"https:\/\/www.transbagal.com\/es\/wp-json\/wp\/v2\/pages\/1083\/revisions"}],"predecessor-version":[{"id":1087,"href":"https:\/\/www.transbagal.com\/es\/wp-json\/wp\/v2\/pages\/1083\/revisions\/1087"}],"wp:attachment":[{"href":"https:\/\/www.transbagal.com\/es\/wp-json\/wp\/v2\/media?parent=1083"}],"curies":[{"name":"wp","href":"https:\/\/api.w.org\/{rel}","templated":true}]}}